{"id":10260,"date":"2024-06-17T11:29:47","date_gmt":"2024-06-17T10:29:47","guid":{"rendered":"https:\/\/www.therealgreenfood.com\/politique-de-confidentialite\/"},"modified":"2025-11-28T13:39:45","modified_gmt":"2025-11-28T12:39:45","slug":"politique-de-confidentialite","status":"publish","type":"page","link":"https:\/\/www.therealgreenfood.com\/fr\/politique-de-confidentialite\/","title":{"rendered":"Politique de confidentialit\u00e9"},"content":{"rendered":"&#13;\n<p style=\"text-align: left;\"><strong>POLITIQUE DE CONFIDENTIALIT\u00c9<\/strong> Derni\u00e8re mise \u00e0 jour\u00a0: Juin\u00a02024.<\/p>&#13;\n&#13;\n<p style=\"text-align: left;\"><strong>INFORMATIONS \u00c0 L\u2019UTILISATEUR<\/strong><\/p>&#13;\n<p style=\"text-align: left;\">RIBEREBRO INTEGRAL, S.A.U, en tant que responsable du traitement, vous informe que, conform\u00e9ment aux dispositions du r\u00e8glement (UE) 2016\/679 du 27\u00a0avril (RGPD) et de la loi organique 3\/2018 du 5\u00a0d\u00e9cembre relative \u00e0 la protection des donn\u00e9es \u00e0 caract\u00e8re personnel et \u00e0 la garantie des droits num\u00e9riques (LOPDGDD), nous traiterons vos donn\u00e9es conform\u00e9ment \u00e0 la pr\u00e9sente politique de confidentialit\u00e9. Cette politique de confidentialit\u00e9 d\u00e9crit comment nous recueillons vos donn\u00e9es personnelles et pourquoi nous les recueillons, ce que nous en faisons, avec qui nous les partageons, comment nous les prot\u00e9geons et vos options concernant le traitement de vos donn\u00e9es personnelles. Cette politique s\u2019applique au traitement de vos donn\u00e9es personnelles recueillies par l\u2019entreprise pour la prestation de ses services. Si vous acceptez les mesures de cette politique, vous acceptez que nous traitions vos donn\u00e9es personnelles comme d\u00e9fini dans cette politique.   <\/p>&#13;\n<p style=\"text-align: left;\"><strong>CONTACT<\/strong><\/p>\n<p style=\"text-align: left;\">Riberebro est le responsable du traitement de vos donn\u00e9es&nbsp;:<br \/>Identit\u00e9&nbsp;: RIBEREBRO INTEGRAL, S.A.U.&nbsp;; <br \/>CIF&nbsp;: A-26367698. <br \/>Adresse postale&nbsp;: Pol\u00edgono industrial Alesves, s\/n 31330 Villafranca<br \/>T\u00e9l\u00e9phone&nbsp;: 948&nbsp;84&nbsp;58&nbsp;35<br \/>Adresse \u00e9lectronique&nbsp;: <a href=\"mailto:info@therealgreenfood.com\">info@therealgreenfood.com<\/a><\/p>\n<p style=\"text-align: left;\"><strong>PRINCIPES CL\u00c9S<\/strong><\/p>\n<p style=\"text-align: left;\">Nous nous sommes toujours engag\u00e9s \u00e0 fournir nos services avec le plus haut degr\u00e9 de qualit\u00e9, ce qui inclut le traitement de vos donn\u00e9es en toute s\u00e9curit\u00e9 et transparence. Nos principes sont les suivants&nbsp;: <\/p>\n<ul style=\"text-align: left;\">\n<li>L\u00e9galit\u00e9&nbsp;: Nous ne recueillerons vos donn\u00e9es personnelles qu\u2019\u00e0 des fins sp\u00e9cifiques, explicites et l\u00e9gitimes.<\/li>\n<li>Minimisation des donn\u00e9es&nbsp;: Nous limitons la collecte de donn\u00e9es \u00e0 caract\u00e8re personnel \u00e0 ce qui est strictement pertinent et n\u00e9cessaire aux fins pour lesquelles elles ont \u00e9t\u00e9 recueillies.<\/li>\n<li>Limitation de la finalit\u00e9&nbsp;: Nous ne recueillerons vos donn\u00e9es personnelles qu\u2019aux fins d\u00e9clar\u00e9es et uniquement selon vos souhaits.<\/li>\n<li>Pr\u00e9cision&nbsp;: Nous veillerons \u00e0 ce que vos donn\u00e9es personnelles soient exactes et \u00e0 jour.<\/li>\n<li>S\u00e9curit\u00e9 des donn\u00e9es&nbsp;: Nous appliquons les mesures techniques et organisationnelles appropri\u00e9es et proportionn\u00e9es aux risques afin de garantir que vos donn\u00e9es ne subissent pas de dommages, tels que la divulgation ou l\u2019acc\u00e8s non autoris\u00e9, la destruction accidentelle ou illicite ou leur perte accidentelle ou l\u2019alt\u00e9ration et toute autre forme de traitement illicite.<\/li>\n<li>Acc\u00e8s et rectification&nbsp;: Nous disposons de moyens pour que vous acc\u00e9diez \u00e0 vos donn\u00e9es ou les rectifiiez lorsque vous le jugez opportun.<\/li>\n<li>Conservation&nbsp;: Nous conservons vos donn\u00e9es personnelles de mani\u00e8re l\u00e9gale et appropri\u00e9e et uniquement pendant la dur\u00e9e n\u00e9cessaire aux fins pour lesquelles elles ont \u00e9t\u00e9 recueillies.<\/li>\n<li>Les transferts internationaux&nbsp;: le cas \u00e9ch\u00e9ant, si vos donn\u00e9es doivent \u00eatre transf\u00e9r\u00e9es en dehors de l\u2019UE\/EEE, elles seront prot\u00e9g\u00e9es de mani\u00e8re ad\u00e9quate.<\/li>\n<li>Tiers&nbsp;: L\u2019acc\u00e8s et le transfert de donn\u00e9es personnelles \u00e0 des tiers sont effectu\u00e9s conform\u00e9ment aux lois et r\u00e9glementations applicables et avec les garanties contractuelles appropri\u00e9es.<\/li>\n<li>Marketing direct et cookies&nbsp;: Nous respectons la l\u00e9gislation applicable en mati\u00e8re de publicit\u00e9 et de cookies.<\/li>\n<\/ul>\n<p style=\"text-align: left;\"><strong>COLLECTE ET TRAITEMENT DE VOS DONN\u00c9ES PERSONNELLES<\/strong><\/p>\n<p style=\"text-align: left;\">Les types de donn\u00e9es qui peuvent \u00eatre demand\u00e9s et trait\u00e9s sont les suivants&nbsp;:<\/p>\n<ul style=\"text-align: left;\">\n<li>Donn\u00e9es \u00e0 caract\u00e8re identificatif.<\/li>\n<li>Nous recueillons \u00e9galement automatiquement des donn\u00e9es sur votre visite sur notre site web, comme d\u00e9crit dans la politique de cookies.<\/li>\n<li>Chaque fois que nous demandons vos donn\u00e9es personnelles, nous vous informons clairement des donn\u00e9es personnelles que nous recueillons et dans quel but. En g\u00e9n\u00e9ral, nous recueillons et traitons vos donn\u00e9es personnelles dans le but de&nbsp;: <\/li>\n<li>Fournir des informations, des services, des produits, des informations pertinentes et des nouveaut\u00e9s dans le secteur.<\/li>\n<li>Envoi de communications.<\/li>\n<\/ul>\n<p style=\"text-align: left;\"><strong>L\u00c9GITIMIT\u00c9<\/strong><\/p>\n<p style=\"text-align: left;\">Conform\u00e9ment \u00e0 la r\u00e9glementation applicable en mati\u00e8re de protection des donn\u00e9es, vos donn\u00e9es personnelles pourront \u00eatre trait\u00e9es \u00e0 condition que&nbsp;: Vous nous ayez donn\u00e9 votre consentement aux fins du traitement. Bien entendu, vous pourrez retirer votre consentement \u00e0 tout moment. Par exigence l\u00e9gale. En cas d\u2019int\u00e9r\u00eat l\u00e9gitime qui ne soit pas l\u00e9s\u00e9 par vos droits \u00e0 la vie priv\u00e9e, comme par exemple l\u2019envoi d\u2019informations commerciales, soit par abonnement \u00e0 notre newsletter, soit en raison de votre statut de client. Si cela est n\u00e9cessaire \u00e0 la prestation de l\u2019un de nos services par le biais d\u2019une relation contractuelle entre vous et nous.    <\/p>\n<p style=\"text-align: left;\"><strong>COMMUNICATION DE DONN\u00c9ES PERSONNELLES<\/strong><\/p>\n<p style=\"text-align: left;\">Les donn\u00e9es peuvent \u00eatre communiqu\u00e9es \u00e0 des entreprises li\u00e9es \u00e0 la prestation des divers services en qualit\u00e9 de sous-traitants. L\u2019entreprise n\u2019effectuera aucune cession, sauf par obligation l\u00e9gale. <\/p>\n<p style=\"text-align: left;\"><strong>VOS DROITS<\/strong><\/p>\n<p style=\"text-align: left;\">En ce qui concerne la collecte et le traitement de vos donn\u00e9es personnelles, vous pouvez nous contacter \u00e0 tout moment pour&nbsp;: Acc\u00e9der \u00e0 vos donn\u00e9es personnelles et \u00e0 toute autre information indiqu\u00e9e \u00e0 l\u2019article&nbsp;15.1 du RGPD. Rectifier vos donn\u00e9es personnelles qui sont inexactes ou incompl\u00e8tes conform\u00e9ment \u00e0 l\u2019article&nbsp;16 du RGPD. Supprimer vos donn\u00e9es personnelles conform\u00e9ment \u00e0 l\u2019article&nbsp;17 du RGPD. Limiter le traitement de vos donn\u00e9es personnelles conform\u00e9ment \u00e0 l\u2019article&nbsp;18 du RGPD. Demander la portabilit\u00e9 de vos donn\u00e9es conform\u00e9ment \u00e0 l\u2019article&nbsp;20 du RGPD. Vous opposer au traitement de vos donn\u00e9es personnelles conform\u00e9ment \u00e0 l\u2019article&nbsp;21 du RGPD. Si vous avez donn\u00e9 votre consentement \u00e0 une fin sp\u00e9cifique, vous avez le droit de retirer le consentement donn\u00e9 \u00e0 tout moment, sans que cela n\u2019affecte la lic\u00e9it\u00e9 du traitement fond\u00e9 sur le consentement pr\u00e9alable \u00e0 son retrait. Vous pouvez exercer ces droits en envoyant une communication, motiv\u00e9e et accr\u00e9dit\u00e9e, \u00e0 info@riberebro.com Vous avez \u00e9galement le droit de d\u00e9poser une r\u00e9clamation aupr\u00e8s de l\u2019autorit\u00e9 de contr\u00f4le comp\u00e9tente (<a href=\"http:\/\/www.aepd.es\" target=\"_blank\" rel=\"noopener\">www.aepd.es<\/a>) si vous estimez que le traitement n\u2019est pas conforme \u00e0 la r\u00e9glementation en vigueur.       <\/p>\n<p style=\"text-align: left;\"><strong>INFORMATIONS L\u00c9GALES<\/strong><\/p>\n<p style=\"text-align: left;\">Les exigences de cette politique compl\u00e8tent, et ne remplacent pas, toute autre exigence existante en vertu de la loi applicable en mati\u00e8re de protection des donn\u00e9es, qui pr\u00e9vaudra dans tous les cas. Cette politique est soumise \u00e0 des r\u00e9visions p\u00e9riodiques et l\u2019entreprise peut la modifier \u00e0 tout moment. Lorsque cela se produira, nous vous informerons de tout changement et vous demanderons de relire la version la plus r\u00e9cente de notre politique et de confirmer votre acceptation. \u00a9&nbsp;RIBEREBRO INTEGRAL, S.A.U.   <\/p>\n","protected":false},"excerpt":{"rendered":"<p>&#13; POLITIQUE DE CONFIDENTIALIT\u00c9 Derni\u00e8re mise \u00e0 jour\u00a0: Juin\u00a02024. &#13; &#13; INFORMATIONS \u00c0 L\u2019UTILISATEUR &#13; RIBEREBRO INTEGRAL, S.A.U, en tant que responsable du traitement, vous informe que, conform\u00e9ment aux dispositions du r\u00e8glement (UE) 2016\/679 du 27\u00a0avril (RGPD) et de la loi organique 3\/2018 du 5\u00a0d\u00e9cembre relative \u00e0 la protection des donn\u00e9es \u00e0 caract\u00e8re personnel et [&hellip;]<\/p>\n","protected":false},"author":17,"featured_media":0,"parent":0,"menu_order":0,"comment_status":"closed","ping_status":"closed","template":"","meta":{"footnotes":""},"class_list":["post-10260","page","type-page","status-publish","hentry"],"_links":{"self":[{"href":"https:\/\/www.therealgreenfood.com\/fr\/wp-json\/wp\/v2\/pages\/10260","targetHints":{"allow":["GET"]}}],"collection":[{"href":"https:\/\/www.therealgreenfood.com\/fr\/wp-json\/wp\/v2\/pages"}],"about":[{"href":"https:\/\/www.therealgreenfood.com\/fr\/wp-json\/wp\/v2\/types\/page"}],"author":[{"embeddable":true,"href":"https:\/\/www.therealgreenfood.com\/fr\/wp-json\/wp\/v2\/users\/17"}],"replies":[{"embeddable":true,"href":"https:\/\/www.therealgreenfood.com\/fr\/wp-json\/wp\/v2\/comments?post=10260"}],"version-history":[{"count":1,"href":"https:\/\/www.therealgreenfood.com\/fr\/wp-json\/wp\/v2\/pages\/10260\/revisions"}],"predecessor-version":[{"id":10262,"href":"https:\/\/www.therealgreenfood.com\/fr\/wp-json\/wp\/v2\/pages\/10260\/revisions\/10262"}],"wp:attachment":[{"href":"https:\/\/www.therealgreenfood.com\/fr\/wp-json\/wp\/v2\/media?parent=10260"}],"curies":[{"name":"wp","href":"https:\/\/api.w.org\/{rel}","templated":true}]}}