{"id":10382,"date":"2025-11-13T11:37:16","date_gmt":"2025-11-13T10:37:16","guid":{"rendered":"https:\/\/www.therealgreenfood.com\/modele-de-produit-lidia\/"},"modified":"2025-11-28T14:11:13","modified_gmt":"2025-11-28T13:11:13","slug":"modele-de-produit-lidia","status":"publish","type":"page","link":"https:\/\/www.therealgreenfood.com\/fr\/modele-de-produit-lidia\/","title":{"rendered":"Mod\u00e8le de produit Lidia"},"content":{"rendered":"\t\t<div data-elementor-type=\"wp-page\" data-elementor-id=\"10382\" class=\"elementor elementor-10382 elementor-9219\" data-elementor-post-type=\"page\">\n\t\t\t\t<div class=\"elementor-element elementor-element-a02c106 e-dte-flex e-flex e-con-boxed e-con e-parent\" data-id=\"a02c106\" data-element_type=\"container\" data-e-type=\"container\" data-settings=\"{&quot;dte_container_type&quot;:&quot;flex&quot;}\">\n\t\t\t\t\t<div class=\"e-con-inner\">\n\t\t<div class=\"elementor-element elementor-element-5407c49 e-con-full e-dte-flex e-flex e-con e-child\" data-id=\"5407c49\" data-element_type=\"container\" data-e-type=\"container\" data-settings=\"{&quot;dte_container_type&quot;:&quot;flex&quot;}\">\n\t\t\t\t<div class=\"elementor-element elementor-element-13ce407 elementor-widget elementor-widget-image\" data-id=\"13ce407\" data-element_type=\"widget\" data-e-type=\"widget\" data-widget_type=\"image.default\">\n\t\t\t\t<div class=\"elementor-widget-container\">\n\t\t\t\t\t\t\t\t\t\t\t\t\t\t\t<img fetchpriority=\"high\" decoding=\"async\" width=\"800\" height=\"645\" src=\"https:\/\/www.therealgreenfood.com\/wp-content\/uploads\/2020\/06\/52_Productos_Web_Riberebro_Ensalada_Rusa.jpg\" class=\"attachment-large size-large wp-image-10784\" alt=\"\" srcset=\"https:\/\/www.therealgreenfood.com\/wp-content\/uploads\/2020\/06\/52_Productos_Web_Riberebro_Ensalada_Rusa.jpg 800w, https:\/\/www.therealgreenfood.com\/wp-content\/uploads\/2020\/06\/52_Productos_Web_Riberebro_Ensalada_Rusa-300x242.jpg 300w, https:\/\/www.therealgreenfood.com\/wp-content\/uploads\/2020\/06\/52_Productos_Web_Riberebro_Ensalada_Rusa-768x619.jpg 768w\" sizes=\"(max-width: 800px) 100vw, 800px\" \/>\t\t\t\t\t\t\t\t\t\t\t\t\t\t\t<\/div>\n\t\t\t\t<\/div>\n\t\t\t\t<\/div>\n\t\t<div class=\"elementor-element elementor-element-1bb2a7d e-con-full e-dte-flex e-flex e-con e-child\" data-id=\"1bb2a7d\" data-element_type=\"container\" data-e-type=\"container\" data-settings=\"{&quot;dte_container_type&quot;:&quot;flex&quot;}\">\n\t\t\t\t<div class=\"elementor-element elementor-element-416c704 elementor-widget elementor-widget-heading\" data-id=\"416c704\" data-element_type=\"widget\" data-e-type=\"widget\" data-widget_type=\"heading.default\">\n\t\t\t\t<div class=\"elementor-widget-container\">\n\t\t\t\t\t<h2 class=\"elementor-heading-title elementor-size-default\">Salade russe<\/h2>\t\t\t\t<\/div>\n\t\t\t\t<\/div>\n\t\t\t\t<div class=\"elementor-element elementor-element-d6b1b9a dynamic-product-description elementor-widget elementor-widget-text-editor\" data-id=\"d6b1b9a\" data-element_type=\"widget\" data-e-type=\"widget\" data-widget_type=\"text-editor.default\">\n\t\t\t\t<div class=\"elementor-widget-container\">\n\t\t\t\t\t\t\t\t\tSolutions v\u00e9g\u00e9tales d\u2019inspiration m\u00e9diterran\u00e9enne, pr\u00eates \u00e0 ouvrir, assaisonner et consommer froides. Cuites au naturel, sans additifs. \t\t\t\t\t\t\t\t<\/div>\n\t\t\t\t<\/div>\n\t\t\t\t<div class=\"elementor-element elementor-element-22e7383 elementor-widget elementor-widget-image\" data-id=\"22e7383\" data-element_type=\"widget\" data-e-type=\"widget\" data-widget_type=\"image.default\">\n\t\t\t\t<div class=\"elementor-widget-container\">\n\t\t\t\t\t\t\t\t\t\t\t\t\t\t\t<img fetchpriority=\"high\" decoding=\"async\" width=\"800\" height=\"645\" src=\"https:\/\/www.therealgreenfood.com\/wp-content\/uploads\/2020\/06\/52_Productos_Web_Riberebro_Ensalada_Rusa.jpg\" class=\"attachment-large size-large wp-image-10784\" alt=\"\" srcset=\"https:\/\/www.therealgreenfood.com\/wp-content\/uploads\/2020\/06\/52_Productos_Web_Riberebro_Ensalada_Rusa.jpg 800w, https:\/\/www.therealgreenfood.com\/wp-content\/uploads\/2020\/06\/52_Productos_Web_Riberebro_Ensalada_Rusa-300x242.jpg 300w, https:\/\/www.therealgreenfood.com\/wp-content\/uploads\/2020\/06\/52_Productos_Web_Riberebro_Ensalada_Rusa-768x619.jpg 768w\" sizes=\"(max-width: 800px) 100vw, 800px\" \/>\t\t\t\t\t\t\t\t\t\t\t\t\t\t\t<\/div>\n\t\t\t\t<\/div>\n\t\t\t\t<\/div>\n\t\t\t\t\t<\/div>\n\t\t\t\t<\/div>\n\t\t<div class=\"elementor-element elementor-element-57eb188 e-dte-flex e-flex e-con-boxed e-con e-parent\" data-id=\"57eb188\" data-element_type=\"container\" data-e-type=\"container\" data-settings=\"{&quot;dte_container_type&quot;:&quot;flex&quot;}\">\n\t\t\t\t\t<div class=\"e-con-inner\">\n\t\t\t\t<div class=\"elementor-element elementor-element-46c4fe2 elementor-widget elementor-widget-heading\" data-id=\"46c4fe2\" data-element_type=\"widget\" data-e-type=\"widget\" data-widget_type=\"heading.default\">\n\t\t\t\t<div class=\"elementor-widget-container\">\n\t\t\t\t\t<h6 class=\"elementor-heading-title elementor-size-default\">TAILLES AU D\u00c9TAIL<\/h6>\t\t\t\t<\/div>\n\t\t\t\t<\/div>\n\t\t\t\t\t<\/div>\n\t\t\t\t<\/div>\n\t\t<div class=\"elementor-element elementor-element-94321b4 e-dte-flex e-flex e-con-boxed e-con e-parent\" data-id=\"94321b4\" data-element_type=\"container\" data-e-type=\"container\" data-settings=\"{&quot;dte_container_type&quot;:&quot;flex&quot;}\">\n\t\t\t\t\t<div class=\"e-con-inner\">\n\t\t<div class=\"elementor-element elementor-element-cbd07cb e-con-full e-dte-flex e-flex e-con e-child\" data-id=\"cbd07cb\" data-element_type=\"container\" data-e-type=\"container\" data-settings=\"{&quot;dte_container_type&quot;:&quot;flex&quot;}\">\n\t\t\t\t<\/div>\n\t\t<div class=\"elementor-element elementor-element-fe9114b e-con-full e-dte-flex e-flex e-con e-child\" data-id=\"fe9114b\" data-element_type=\"container\" data-e-type=\"container\" data-settings=\"{&quot;dte_container_type&quot;:&quot;flex&quot;}\">\n\t\t\t\t<div class=\"elementor-element elementor-element-ba78ffa elementor-widget elementor-widget-heading\" data-id=\"ba78ffa\" data-element_type=\"widget\" data-e-type=\"widget\" data-widget_type=\"heading.default\">\n\t\t\t\t<div class=\"elementor-widget-container\">\n\t\t\t\t\t<h6 class=\"elementor-heading-title elementor-size-default\">CAPACIT\u00c9 (ML)<\/h6>\t\t\t\t<\/div>\n\t\t\t\t<\/div>\n\t\t\t\t<\/div>\n\t\t<div class=\"elementor-element elementor-element-0d713a7 e-con-full e-dte-flex e-flex e-con e-child\" data-id=\"0d713a7\" data-element_type=\"container\" data-e-type=\"container\" data-settings=\"{&quot;dte_container_type&quot;:&quot;flex&quot;}\">\n\t\t\t\t<\/div>\n\t\t<div class=\"elementor-element elementor-element-1f36bbd e-con-full e-dte-flex e-flex e-con e-child\" data-id=\"1f36bbd\" data-element_type=\"container\" data-e-type=\"container\" data-settings=\"{&quot;dte_container_type&quot;:&quot;flex&quot;}\">\n\t\t\t\t<\/div>\n\t\t<div class=\"elementor-element elementor-element-77bc7f0 e-con-full e-dte-flex e-flex e-con e-child\" data-id=\"77bc7f0\" data-element_type=\"container\" data-e-type=\"container\" data-settings=\"{&quot;dte_container_type&quot;:&quot;flex&quot;}\">\n\t\t\t\t<div class=\"elementor-element elementor-element-e98dad1 elementor-widget elementor-widget-image\" data-id=\"e98dad1\" data-element_type=\"widget\" data-e-type=\"widget\" data-widget_type=\"image.default\">\n\t\t\t\t<div class=\"elementor-widget-container\">\n\t\t\t\t\t\t\t\t\t\t\t\t\t\t\t<img decoding=\"async\" width=\"84\" height=\"88\" src=\"https:\/\/www.therealgreenfood.com\/wp-content\/uploads\/2025\/11\/02c583e3982fecf021799b832fc12ee5.png\" class=\"attachment-large size-large wp-image-10351\" alt=\"\" srcset=\"https:\/\/www.therealgreenfood.com\/wp-content\/uploads\/2025\/11\/02c583e3982fecf021799b832fc12ee5.png 84w, https:\/\/www.therealgreenfood.com\/wp-content\/uploads\/2025\/11\/02c583e3982fecf021799b832fc12ee5-24x24.png 24w, https:\/\/www.therealgreenfood.com\/wp-content\/uploads\/2025\/11\/02c583e3982fecf021799b832fc12ee5-34x36.png 34w, https:\/\/www.therealgreenfood.com\/wp-content\/uploads\/2025\/11\/02c583e3982fecf021799b832fc12ee5-46x48.png 46w\" sizes=\"(max-width: 84px) 100vw, 84px\" \/>\t\t\t\t\t\t\t\t\t\t\t\t\t\t\t<\/div>\n\t\t\t\t<\/div>\n\t\t\t\t<\/div>\n\t\t\t\t\t<\/div>\n\t\t\t\t<\/div>\n\t\t\t\t<\/div>\n\t\t","protected":false},"excerpt":{"rendered":"<p>TAILLES AU D\u00c9TAIL CAPACIT\u00c9 (ML)<\/p>\n","protected":false},"author":23,"featured_media":0,"parent":0,"menu_order":0,"comment_status":"closed","ping_status":"closed","template":"elementor_header_footer","meta":{"footnotes":""},"class_list":["post-10382","page","type-page","status-publish","hentry"],"_links":{"self":[{"href":"https:\/\/www.therealgreenfood.com\/fr\/wp-json\/wp\/v2\/pages\/10382","targetHints":{"allow":["GET"]}}],"collection":[{"href":"https:\/\/www.therealgreenfood.com\/fr\/wp-json\/wp\/v2\/pages"}],"about":[{"href":"https:\/\/www.therealgreenfood.com\/fr\/wp-json\/wp\/v2\/types\/page"}],"author":[{"embeddable":true,"href":"https:\/\/www.therealgreenfood.com\/fr\/wp-json\/wp\/v2\/users\/23"}],"replies":[{"embeddable":true,"href":"https:\/\/www.therealgreenfood.com\/fr\/wp-json\/wp\/v2\/comments?post=10382"}],"version-history":[{"count":2,"href":"https:\/\/www.therealgreenfood.com\/fr\/wp-json\/wp\/v2\/pages\/10382\/revisions"}],"predecessor-version":[{"id":10385,"href":"https:\/\/www.therealgreenfood.com\/fr\/wp-json\/wp\/v2\/pages\/10382\/revisions\/10385"}],"wp:attachment":[{"href":"https:\/\/www.therealgreenfood.com\/fr\/wp-json\/wp\/v2\/media?parent=10382"}],"curies":[{"name":"wp","href":"https:\/\/api.w.org\/{rel}","templated":true}]}}