{"id":10487,"date":"2020-02-16T12:06:47","date_gmt":"2020-02-16T11:06:47","guid":{"rendered":"https:\/\/www.therealgreenfood.com\/producto\/melanges-de-pois-chiches-et-de-legumes\/"},"modified":"2026-04-27T08:40:10","modified_gmt":"2026-04-27T07:40:10","slug":"melanges-de-pois-chiches-et-de-legumes","status":"publish","type":"product","link":"https:\/\/www.therealgreenfood.com\/fr\/producto\/melanges-de-pois-chiches-et-de-legumes\/","title":{"rendered":"Pois chiches aux blettes et carottes"},"content":{"rendered":"<p>Une combinaison de l\u00e9gumes pratiques et \u00e9quilibr\u00e9s qui facilitent la consommation quotidienne de l\u00e9gumes et de l\u00e9gumineuses.<\/p>\n","protected":false},"excerpt":{"rendered":"<div class=\"ewa-rteLine\">M\u00e9langes de l\u00e9gumes frais et de l\u00e9gumineuses cuits au naturel<\/div>\n<div class=\"ewa-rteLine\">Pois chiche, blette et carotte.<\/div>\n","protected":false},"featured_media":10489,"comment_status":"closed","ping_status":"closed","template":"","meta":[],"product_brand":[],"product_cat":[959],"product_tag":[],"class_list":{"0":"post-10487","1":"product","2":"type-product","3":"status-publish","4":"has-post-thumbnail","6":"product_cat-melanges-de-legumes-et-de-legumineuses-cuits-au-naturel","8":"first","9":"instock","10":"shipping-taxable","11":"product-type-simple"},"_links":{"self":[{"href":"https:\/\/www.therealgreenfood.com\/fr\/wp-json\/wp\/v2\/product\/10487","targetHints":{"allow":["GET"]}}],"collection":[{"href":"https:\/\/www.therealgreenfood.com\/fr\/wp-json\/wp\/v2\/product"}],"about":[{"href":"https:\/\/www.therealgreenfood.com\/fr\/wp-json\/wp\/v2\/types\/product"}],"replies":[{"embeddable":true,"href":"https:\/\/www.therealgreenfood.com\/fr\/wp-json\/wp\/v2\/comments?post=10487"}],"wp:featuredmedia":[{"embeddable":true,"href":"https:\/\/www.therealgreenfood.com\/fr\/wp-json\/wp\/v2\/media\/10489"}],"wp:attachment":[{"href":"https:\/\/www.therealgreenfood.com\/fr\/wp-json\/wp\/v2\/media?parent=10487"}],"wp:term":[{"taxonomy":"product_brand","embeddable":true,"href":"https:\/\/www.therealgreenfood.com\/fr\/wp-json\/wp\/v2\/product_brand?post=10487"},{"taxonomy":"product_cat","embeddable":true,"href":"https:\/\/www.therealgreenfood.com\/fr\/wp-json\/wp\/v2\/product_cat?post=10487"},{"taxonomy":"product_tag","embeddable":true,"href":"https:\/\/www.therealgreenfood.com\/fr\/wp-json\/wp\/v2\/product_tag?post=10487"}],"curies":[{"name":"wp","href":"https:\/\/api.w.org\/{rel}","templated":true}]}}