{"id":10512,"date":"2020-02-16T12:34:29","date_gmt":"2020-02-16T11:34:29","guid":{"rendered":"https:\/\/www.therealgreenfood.com\/producto\/melange-de-haricots-blancs-et-de-legumes\/"},"modified":"2026-04-27T08:39:52","modified_gmt":"2026-04-27T07:39:52","slug":"melange-de-haricots-blancs-et-de-legumes","status":"publish","type":"product","link":"https:\/\/www.therealgreenfood.com\/fr\/producto\/melange-de-haricots-blancs-et-de-legumes\/","title":{"rendered":"M\u00e9lange de haricots blancs et de l\u00e9gumes"},"content":{"rendered":"<p>Plats cuisin\u00e9s de l\u00e9gumineuses 100 % v\u00e9g\u00e9taux, l\u00e9gers, savoureux et sains.<\/p>\n","protected":false},"excerpt":{"rendered":"<p>Rago\u00fbt de l\u00e9gumes pr\u00eat \u00e0 ouvrir et \u00e0 consommer avec haricots blancs et l\u00e9gumes<\/p>\n","protected":false},"featured_media":10514,"comment_status":"closed","ping_status":"closed","template":"","meta":[],"product_brand":[],"product_cat":[954],"product_tag":[],"class_list":{"0":"post-10512","1":"product","2":"type-product","3":"status-publish","4":"has-post-thumbnail","6":"product_cat-plats-cuisines","8":"first","9":"instock","10":"shipping-taxable","11":"product-type-simple"},"_links":{"self":[{"href":"https:\/\/www.therealgreenfood.com\/fr\/wp-json\/wp\/v2\/product\/10512","targetHints":{"allow":["GET"]}}],"collection":[{"href":"https:\/\/www.therealgreenfood.com\/fr\/wp-json\/wp\/v2\/product"}],"about":[{"href":"https:\/\/www.therealgreenfood.com\/fr\/wp-json\/wp\/v2\/types\/product"}],"replies":[{"embeddable":true,"href":"https:\/\/www.therealgreenfood.com\/fr\/wp-json\/wp\/v2\/comments?post=10512"}],"wp:featuredmedia":[{"embeddable":true,"href":"https:\/\/www.therealgreenfood.com\/fr\/wp-json\/wp\/v2\/media\/10514"}],"wp:attachment":[{"href":"https:\/\/www.therealgreenfood.com\/fr\/wp-json\/wp\/v2\/media?parent=10512"}],"wp:term":[{"taxonomy":"product_brand","embeddable":true,"href":"https:\/\/www.therealgreenfood.com\/fr\/wp-json\/wp\/v2\/product_brand?post=10512"},{"taxonomy":"product_cat","embeddable":true,"href":"https:\/\/www.therealgreenfood.com\/fr\/wp-json\/wp\/v2\/product_cat?post=10512"},{"taxonomy":"product_tag","embeddable":true,"href":"https:\/\/www.therealgreenfood.com\/fr\/wp-json\/wp\/v2\/product_tag?post=10512"}],"curies":[{"name":"wp","href":"https:\/\/api.w.org\/{rel}","templated":true}]}}