{"id":10619,"date":"2020-02-16T16:06:19","date_gmt":"2020-02-16T15:06:19","guid":{"rendered":"https:\/\/www.therealgreenfood.com\/producto\/creme-de-potiron\/"},"modified":"2026-04-27T08:38:08","modified_gmt":"2026-04-27T07:38:08","slug":"creme-de-potiron","status":"publish","type":"product","link":"https:\/\/www.therealgreenfood.com\/fr\/producto\/creme-de-potiron\/","title":{"rendered":"Cr\u00e8me de potiron"},"content":{"rendered":"<p>Cr\u00e8mes 100 % v\u00e9g\u00e9tales, sans produits laitiers. \u00c9labor\u00e9es avec des l\u00e9gumineuses pour apporter une onctuosit\u00e9 saine. <\/p>\n","protected":false},"excerpt":{"rendered":"<p>Cr\u00e8me v\u00e9g\u00e9tale \u00e0 base de courge et de l\u00e9gumineuses.<\/p>\n","protected":false},"featured_media":10624,"comment_status":"closed","ping_status":"closed","template":"","meta":[],"product_brand":[],"product_cat":[954],"product_tag":[],"class_list":{"0":"post-10619","1":"product","2":"type-product","3":"status-publish","4":"has-post-thumbnail","6":"product_cat-plats-cuisines","8":"first","9":"instock","10":"shipping-taxable","11":"product-type-simple"},"_links":{"self":[{"href":"https:\/\/www.therealgreenfood.com\/fr\/wp-json\/wp\/v2\/product\/10619","targetHints":{"allow":["GET"]}}],"collection":[{"href":"https:\/\/www.therealgreenfood.com\/fr\/wp-json\/wp\/v2\/product"}],"about":[{"href":"https:\/\/www.therealgreenfood.com\/fr\/wp-json\/wp\/v2\/types\/product"}],"replies":[{"embeddable":true,"href":"https:\/\/www.therealgreenfood.com\/fr\/wp-json\/wp\/v2\/comments?post=10619"}],"wp:featuredmedia":[{"embeddable":true,"href":"https:\/\/www.therealgreenfood.com\/fr\/wp-json\/wp\/v2\/media\/10624"}],"wp:attachment":[{"href":"https:\/\/www.therealgreenfood.com\/fr\/wp-json\/wp\/v2\/media?parent=10619"}],"wp:term":[{"taxonomy":"product_brand","embeddable":true,"href":"https:\/\/www.therealgreenfood.com\/fr\/wp-json\/wp\/v2\/product_brand?post=10619"},{"taxonomy":"product_cat","embeddable":true,"href":"https:\/\/www.therealgreenfood.com\/fr\/wp-json\/wp\/v2\/product_cat?post=10619"},{"taxonomy":"product_tag","embeddable":true,"href":"https:\/\/www.therealgreenfood.com\/fr\/wp-json\/wp\/v2\/product_tag?post=10619"}],"curies":[{"name":"wp","href":"https:\/\/api.w.org\/{rel}","templated":true}]}}