{"id":10642,"date":"2020-02-16T16:28:12","date_gmt":"2020-02-16T15:28:12","guid":{"rendered":"https:\/\/www.therealgreenfood.com\/producto\/macedoine-de-legumes\/"},"modified":"2026-04-27T08:36:48","modified_gmt":"2026-04-27T07:36:48","slug":"macedoine-de-legumes","status":"publish","type":"product","link":"https:\/\/www.therealgreenfood.com\/fr\/producto\/macedoine-de-legumes\/","title":{"rendered":"Haricot vert, pomme de terre et carotte"},"content":{"rendered":"<p>Combinaison de l\u00e9gumes pratique et \u00e9quilibr\u00e9e qui facilite la consommation quotidienne de l\u00e9gumes et de l\u00e9gumineuses.<\/p>\n","protected":false},"excerpt":{"rendered":"<div class=\"ewa-rteLine\">M\u00e9lange de l\u00e9gumes frais cuits au naturel.<\/div>\n<div class=\"ewa-rteLine\">Blette, pomme de terre et carotte<\/div>\n","protected":false},"featured_media":11802,"comment_status":"closed","ping_status":"closed","template":"","meta":[],"product_brand":[],"product_cat":[959],"product_tag":[911],"class_list":{"0":"post-10642","1":"product","2":"type-product","3":"status-publish","4":"has-post-thumbnail","6":"product_cat-melanges-de-legumes-et-de-legumineuses-cuits-au-naturel","7":"product_tag-macedoine-de-legumes","9":"first","10":"instock","11":"shipping-taxable","12":"product-type-simple"},"_links":{"self":[{"href":"https:\/\/www.therealgreenfood.com\/fr\/wp-json\/wp\/v2\/product\/10642","targetHints":{"allow":["GET"]}}],"collection":[{"href":"https:\/\/www.therealgreenfood.com\/fr\/wp-json\/wp\/v2\/product"}],"about":[{"href":"https:\/\/www.therealgreenfood.com\/fr\/wp-json\/wp\/v2\/types\/product"}],"replies":[{"embeddable":true,"href":"https:\/\/www.therealgreenfood.com\/fr\/wp-json\/wp\/v2\/comments?post=10642"}],"wp:featuredmedia":[{"embeddable":true,"href":"https:\/\/www.therealgreenfood.com\/fr\/wp-json\/wp\/v2\/media\/11802"}],"wp:attachment":[{"href":"https:\/\/www.therealgreenfood.com\/fr\/wp-json\/wp\/v2\/media?parent=10642"}],"wp:term":[{"taxonomy":"product_brand","embeddable":true,"href":"https:\/\/www.therealgreenfood.com\/fr\/wp-json\/wp\/v2\/product_brand?post=10642"},{"taxonomy":"product_cat","embeddable":true,"href":"https:\/\/www.therealgreenfood.com\/fr\/wp-json\/wp\/v2\/product_cat?post=10642"},{"taxonomy":"product_tag","embeddable":true,"href":"https:\/\/www.therealgreenfood.com\/fr\/wp-json\/wp\/v2\/product_tag?post=10642"}],"curies":[{"name":"wp","href":"https:\/\/api.w.org\/{rel}","templated":true}]}}