{"id":10671,"date":"2020-02-16T16:34:39","date_gmt":"2020-02-16T15:34:39","guid":{"rendered":"https:\/\/www.therealgreenfood.com\/?post_type=product&#038;p=10671"},"modified":"2026-04-08T08:11:16","modified_gmt":"2026-04-08T07:11:16","slug":"moities-dartichauts","status":"publish","type":"product","link":"https:\/\/www.therealgreenfood.com\/fr\/producto\/moities-dartichauts\/","title":{"rendered":"Moiti\u00e9s d&rsquo;artichauts"},"content":{"rendered":"<p><em>Cynara scolymus<\/em><\/p>\n<p><strong>Description du produit<\/strong>&nbsp;: Artichauts coup\u00e9s en moiti\u00e9s<\/p>\n<p><strong>Origine<\/strong>&nbsp;: Navarre ou Murcie<\/p>\n<p><strong>Qualit\u00e9 &#8211; Caract\u00e9ristiques&nbsp;:<\/strong> Avec ou sans sel<\/p>\n<p><strong>Allerg\u00e8nes<\/strong>&nbsp;: Libre<\/p>\n<p><strong>Certificats<\/strong>&nbsp;: IFS, BRC, \u00c9cologique<\/p>\n","protected":false},"excerpt":{"rendered":"<p>Cynara scolymus Description du produit&nbsp;: Artichauts coup\u00e9s en moiti\u00e9s Origine&nbsp;: Navarre ou Murcie Qualit\u00e9 &#8211; Caract\u00e9ristiques&nbsp;: Avec ou sans sel Allerg\u00e8nes&nbsp;: Libre Certificats&nbsp;: IFS, BRC, \u00c9cologique<\/p>\n","protected":false},"featured_media":10658,"comment_status":"closed","ping_status":"closed","template":"","meta":[],"product_brand":[],"product_cat":[906,910],"product_tag":[],"class_list":{"0":"post-10671","1":"product","2":"type-product","3":"status-publish","4":"has-post-thumbnail","6":"product_cat-gvtarra","7":"product_cat-legumes","9":"first","10":"instock","11":"shipping-taxable","12":"product-type-simple"},"_links":{"self":[{"href":"https:\/\/www.therealgreenfood.com\/fr\/wp-json\/wp\/v2\/product\/10671","targetHints":{"allow":["GET"]}}],"collection":[{"href":"https:\/\/www.therealgreenfood.com\/fr\/wp-json\/wp\/v2\/product"}],"about":[{"href":"https:\/\/www.therealgreenfood.com\/fr\/wp-json\/wp\/v2\/types\/product"}],"replies":[{"embeddable":true,"href":"https:\/\/www.therealgreenfood.com\/fr\/wp-json\/wp\/v2\/comments?post=10671"}],"wp:featuredmedia":[{"embeddable":true,"href":"https:\/\/www.therealgreenfood.com\/fr\/wp-json\/wp\/v2\/media\/10658"}],"wp:attachment":[{"href":"https:\/\/www.therealgreenfood.com\/fr\/wp-json\/wp\/v2\/media?parent=10671"}],"wp:term":[{"taxonomy":"product_brand","embeddable":true,"href":"https:\/\/www.therealgreenfood.com\/fr\/wp-json\/wp\/v2\/product_brand?post=10671"},{"taxonomy":"product_cat","embeddable":true,"href":"https:\/\/www.therealgreenfood.com\/fr\/wp-json\/wp\/v2\/product_cat?post=10671"},{"taxonomy":"product_tag","embeddable":true,"href":"https:\/\/www.therealgreenfood.com\/fr\/wp-json\/wp\/v2\/product_tag?post=10671"}],"curies":[{"name":"wp","href":"https:\/\/api.w.org\/{rel}","templated":true}]}}