{"id":10680,"date":"2020-02-16T16:42:50","date_gmt":"2020-02-16T15:42:50","guid":{"rendered":"https:\/\/www.therealgreenfood.com\/producto\/creme-de-cardon\/"},"modified":"2026-04-27T08:36:36","modified_gmt":"2026-04-27T07:36:36","slug":"creme-de-cardon","status":"publish","type":"product","link":"https:\/\/www.therealgreenfood.com\/fr\/producto\/creme-de-cardon\/","title":{"rendered":"Cr\u00e8me de cardon"},"content":{"rendered":"<p>Cr\u00e8mes 100 % v\u00e9g\u00e9tales, sans produits laitiers. \u00c9labor\u00e9es \u00e0 base de l\u00e9gumineuses pour une onctuosit\u00e9 saine. <\/p>\n","protected":false},"excerpt":{"rendered":"<p>Cr\u00e8me v\u00e9g\u00e9tale \u00e0 base de cardon et de l\u00e9gumineuses.<\/p>\n","protected":false},"featured_media":10685,"comment_status":"closed","ping_status":"closed","template":"","meta":[],"product_brand":[],"product_cat":[954],"product_tag":[],"class_list":{"0":"post-10680","1":"product","2":"type-product","3":"status-publish","4":"has-post-thumbnail","6":"product_cat-plats-cuisines","8":"first","9":"instock","10":"shipping-taxable","11":"product-type-simple"},"_links":{"self":[{"href":"https:\/\/www.therealgreenfood.com\/fr\/wp-json\/wp\/v2\/product\/10680","targetHints":{"allow":["GET"]}}],"collection":[{"href":"https:\/\/www.therealgreenfood.com\/fr\/wp-json\/wp\/v2\/product"}],"about":[{"href":"https:\/\/www.therealgreenfood.com\/fr\/wp-json\/wp\/v2\/types\/product"}],"replies":[{"embeddable":true,"href":"https:\/\/www.therealgreenfood.com\/fr\/wp-json\/wp\/v2\/comments?post=10680"}],"wp:featuredmedia":[{"embeddable":true,"href":"https:\/\/www.therealgreenfood.com\/fr\/wp-json\/wp\/v2\/media\/10685"}],"wp:attachment":[{"href":"https:\/\/www.therealgreenfood.com\/fr\/wp-json\/wp\/v2\/media?parent=10680"}],"wp:term":[{"taxonomy":"product_brand","embeddable":true,"href":"https:\/\/www.therealgreenfood.com\/fr\/wp-json\/wp\/v2\/product_brand?post=10680"},{"taxonomy":"product_cat","embeddable":true,"href":"https:\/\/www.therealgreenfood.com\/fr\/wp-json\/wp\/v2\/product_cat?post=10680"},{"taxonomy":"product_tag","embeddable":true,"href":"https:\/\/www.therealgreenfood.com\/fr\/wp-json\/wp\/v2\/product_tag?post=10680"}],"curies":[{"name":"wp","href":"https:\/\/api.w.org\/{rel}","templated":true}]}}