{"id":10698,"date":"2020-02-16T17:02:29","date_gmt":"2020-02-16T16:02:29","guid":{"rendered":"https:\/\/www.therealgreenfood.com\/producto\/fritada-ou-piperrada\/"},"modified":"2026-04-27T08:35:57","modified_gmt":"2026-04-27T07:35:57","slug":"fritada-ou-piperrada","status":"publish","type":"product","link":"https:\/\/www.therealgreenfood.com\/fr\/producto\/fritada-ou-piperrada\/","title":{"rendered":"Fritada ou Piperrada"},"content":{"rendered":"<p>\u00c9labor\u00e9es \u00e0 la mani\u00e8re traditionnelle, avec des ingr\u00e9dients 100 % naturels pour une saveur authentique et in\u00e9galable.<\/p>\n","protected":false},"excerpt":{"rendered":"<p>Sauce de fritada, recette traditionnelle.<\/p>\n","protected":false},"featured_media":10700,"comment_status":"closed","ping_status":"closed","template":"","meta":[],"product_brand":[],"product_cat":[956],"product_tag":[],"class_list":{"0":"post-10698","1":"product","2":"type-product","3":"status-publish","4":"has-post-thumbnail","6":"product_cat-sauces-tomate","8":"first","9":"instock","10":"shipping-taxable","11":"product-type-simple"},"_links":{"self":[{"href":"https:\/\/www.therealgreenfood.com\/fr\/wp-json\/wp\/v2\/product\/10698","targetHints":{"allow":["GET"]}}],"collection":[{"href":"https:\/\/www.therealgreenfood.com\/fr\/wp-json\/wp\/v2\/product"}],"about":[{"href":"https:\/\/www.therealgreenfood.com\/fr\/wp-json\/wp\/v2\/types\/product"}],"replies":[{"embeddable":true,"href":"https:\/\/www.therealgreenfood.com\/fr\/wp-json\/wp\/v2\/comments?post=10698"}],"wp:featuredmedia":[{"embeddable":true,"href":"https:\/\/www.therealgreenfood.com\/fr\/wp-json\/wp\/v2\/media\/10700"}],"wp:attachment":[{"href":"https:\/\/www.therealgreenfood.com\/fr\/wp-json\/wp\/v2\/media?parent=10698"}],"wp:term":[{"taxonomy":"product_brand","embeddable":true,"href":"https:\/\/www.therealgreenfood.com\/fr\/wp-json\/wp\/v2\/product_brand?post=10698"},{"taxonomy":"product_cat","embeddable":true,"href":"https:\/\/www.therealgreenfood.com\/fr\/wp-json\/wp\/v2\/product_cat?post=10698"},{"taxonomy":"product_tag","embeddable":true,"href":"https:\/\/www.therealgreenfood.com\/fr\/wp-json\/wp\/v2\/product_tag?post=10698"}],"curies":[{"name":"wp","href":"https:\/\/api.w.org\/{rel}","templated":true}]}}