{"id":10747,"date":"2020-06-15T22:54:35","date_gmt":"2020-06-15T21:54:35","guid":{"rendered":"https:\/\/www.therealgreenfood.com\/producto\/salade-paysanne\/"},"modified":"2026-04-27T08:35:19","modified_gmt":"2026-04-27T07:35:19","slug":"salade-paysanne","status":"publish","type":"product","link":"https:\/\/www.therealgreenfood.com\/fr\/producto\/salade-paysanne\/","title":{"rendered":"Salade Paysanne"},"content":{"rendered":"<p>Solutions v\u00e9g\u00e9tales d&rsquo;inspiration m\u00e9diterran\u00e9enne, pr\u00eates \u00e0 ouvrir, assaisonner et consommer froides. Cuites au naturel, sans additifs. <\/p>\n","protected":false},"excerpt":{"rendered":"<div class=\"ewa-rteLine\">M\u00e9langes de l\u00e9gumes sp\u00e9cial salades.<\/div>\n<div class=\"ewa-rteLine\">Pomme de terre, ma\u00efs doux, carotte, olive verte, poivron rouge cuits au naturel.<\/div>\n","protected":false},"featured_media":10752,"comment_status":"closed","ping_status":"closed","template":"","meta":[],"product_brand":[],"product_cat":[962],"product_tag":[],"class_list":{"0":"post-10747","1":"product","2":"type-product","3":"status-publish","4":"has-post-thumbnail","6":"product_cat-salades","8":"first","9":"instock","10":"shipping-taxable","11":"product-type-simple"},"_links":{"self":[{"href":"https:\/\/www.therealgreenfood.com\/fr\/wp-json\/wp\/v2\/product\/10747","targetHints":{"allow":["GET"]}}],"collection":[{"href":"https:\/\/www.therealgreenfood.com\/fr\/wp-json\/wp\/v2\/product"}],"about":[{"href":"https:\/\/www.therealgreenfood.com\/fr\/wp-json\/wp\/v2\/types\/product"}],"replies":[{"embeddable":true,"href":"https:\/\/www.therealgreenfood.com\/fr\/wp-json\/wp\/v2\/comments?post=10747"}],"wp:featuredmedia":[{"embeddable":true,"href":"https:\/\/www.therealgreenfood.com\/fr\/wp-json\/wp\/v2\/media\/10752"}],"wp:attachment":[{"href":"https:\/\/www.therealgreenfood.com\/fr\/wp-json\/wp\/v2\/media?parent=10747"}],"wp:term":[{"taxonomy":"product_brand","embeddable":true,"href":"https:\/\/www.therealgreenfood.com\/fr\/wp-json\/wp\/v2\/product_brand?post=10747"},{"taxonomy":"product_cat","embeddable":true,"href":"https:\/\/www.therealgreenfood.com\/fr\/wp-json\/wp\/v2\/product_cat?post=10747"},{"taxonomy":"product_tag","embeddable":true,"href":"https:\/\/www.therealgreenfood.com\/fr\/wp-json\/wp\/v2\/product_tag?post=10747"}],"curies":[{"name":"wp","href":"https:\/\/api.w.org\/{rel}","templated":true}]}}