{"id":11934,"date":"2026-04-08T08:33:30","date_gmt":"2026-04-08T07:33:30","guid":{"rendered":"https:\/\/www.therealgreenfood.com\/producto\/chou-fleur\/"},"modified":"2026-04-08T08:33:30","modified_gmt":"2026-04-08T07:33:30","slug":"chou-fleur","status":"publish","type":"product","link":"https:\/\/www.therealgreenfood.com\/fr\/producto\/chou-fleur\/","title":{"rendered":"Chou-fleur"},"content":{"rendered":"<p>L\u00e9gume frais et de proximit\u00e9, \u00e9labor\u00e9 de mani\u00e8re naturelle, sans additifs, dans les 4 \u00e0 6 h suivant sa r\u00e9colte, pr\u00e9servant ainsi toute sa fra\u00eecheur, sa texture et sa saveur naturelle.<\/p>\n","protected":false},"excerpt":{"rendered":"<p>Chou-fleur cuit au naturel. Sans additifs. <\/p>\n","protected":false},"featured_media":11791,"comment_status":"open","ping_status":"closed","template":"","meta":[],"product_brand":[],"product_cat":[910],"product_tag":[],"class_list":{"0":"post-11934","1":"product","2":"type-product","3":"status-publish","4":"has-post-thumbnail","6":"product_cat-legumes","8":"first","9":"instock","10":"shipping-taxable","11":"product-type-simple"},"_links":{"self":[{"href":"https:\/\/www.therealgreenfood.com\/fr\/wp-json\/wp\/v2\/product\/11934","targetHints":{"allow":["GET"]}}],"collection":[{"href":"https:\/\/www.therealgreenfood.com\/fr\/wp-json\/wp\/v2\/product"}],"about":[{"href":"https:\/\/www.therealgreenfood.com\/fr\/wp-json\/wp\/v2\/types\/product"}],"replies":[{"embeddable":true,"href":"https:\/\/www.therealgreenfood.com\/fr\/wp-json\/wp\/v2\/comments?post=11934"}],"wp:featuredmedia":[{"embeddable":true,"href":"https:\/\/www.therealgreenfood.com\/fr\/wp-json\/wp\/v2\/media\/11791"}],"wp:attachment":[{"href":"https:\/\/www.therealgreenfood.com\/fr\/wp-json\/wp\/v2\/media?parent=11934"}],"wp:term":[{"taxonomy":"product_brand","embeddable":true,"href":"https:\/\/www.therealgreenfood.com\/fr\/wp-json\/wp\/v2\/product_brand?post=11934"},{"taxonomy":"product_cat","embeddable":true,"href":"https:\/\/www.therealgreenfood.com\/fr\/wp-json\/wp\/v2\/product_cat?post=11934"},{"taxonomy":"product_tag","embeddable":true,"href":"https:\/\/www.therealgreenfood.com\/fr\/wp-json\/wp\/v2\/product_tag?post=11934"}],"curies":[{"name":"wp","href":"https:\/\/api.w.org\/{rel}","templated":true}]}}