{"id":11946,"date":"2026-04-08T07:57:07","date_gmt":"2026-04-08T06:57:07","guid":{"rendered":"https:\/\/www.therealgreenfood.com\/producto\/melanges-de-pois-chiches-et-legumes\/"},"modified":"2026-04-08T07:57:07","modified_gmt":"2026-04-08T06:57:07","slug":"melanges-de-pois-chiches-et-legumes","status":"publish","type":"product","link":"https:\/\/www.therealgreenfood.com\/fr\/producto\/melanges-de-pois-chiches-et-legumes\/","title":{"rendered":"M\u00e9langes de pois chiches et l\u00e9gumes"},"content":{"rendered":"<p>Pot\u00e9es de l\u00e9gumineuses 100 % v\u00e9g\u00e9tales, l\u00e9g\u00e8res, savoureuses et saines.<\/p>\n","protected":false},"excerpt":{"rendered":"<p>Pot\u00e9e v\u00e9g\u00e9tale pr\u00eate \u00e0 consommer aux pois chiches et l\u00e9gumes<\/p>\n","protected":false},"featured_media":11805,"comment_status":"open","ping_status":"closed","template":"","meta":[],"product_brand":[],"product_cat":[954],"product_tag":[],"class_list":{"0":"post-11946","1":"product","2":"type-product","3":"status-publish","4":"has-post-thumbnail","6":"product_cat-plats-cuisines","8":"first","9":"instock","10":"shipping-taxable","11":"product-type-simple"},"_links":{"self":[{"href":"https:\/\/www.therealgreenfood.com\/fr\/wp-json\/wp\/v2\/product\/11946","targetHints":{"allow":["GET"]}}],"collection":[{"href":"https:\/\/www.therealgreenfood.com\/fr\/wp-json\/wp\/v2\/product"}],"about":[{"href":"https:\/\/www.therealgreenfood.com\/fr\/wp-json\/wp\/v2\/types\/product"}],"replies":[{"embeddable":true,"href":"https:\/\/www.therealgreenfood.com\/fr\/wp-json\/wp\/v2\/comments?post=11946"}],"wp:featuredmedia":[{"embeddable":true,"href":"https:\/\/www.therealgreenfood.com\/fr\/wp-json\/wp\/v2\/media\/11805"}],"wp:attachment":[{"href":"https:\/\/www.therealgreenfood.com\/fr\/wp-json\/wp\/v2\/media?parent=11946"}],"wp:term":[{"taxonomy":"product_brand","embeddable":true,"href":"https:\/\/www.therealgreenfood.com\/fr\/wp-json\/wp\/v2\/product_brand?post=11946"},{"taxonomy":"product_cat","embeddable":true,"href":"https:\/\/www.therealgreenfood.com\/fr\/wp-json\/wp\/v2\/product_cat?post=11946"},{"taxonomy":"product_tag","embeddable":true,"href":"https:\/\/www.therealgreenfood.com\/fr\/wp-json\/wp\/v2\/product_tag?post=11946"}],"curies":[{"name":"wp","href":"https:\/\/api.w.org\/{rel}","templated":true}]}}