{"id":11964,"date":"2026-04-08T08:28:37","date_gmt":"2026-04-08T07:28:37","guid":{"rendered":"https:\/\/www.therealgreenfood.com\/producto\/brocoli\/"},"modified":"2026-04-08T08:28:37","modified_gmt":"2026-04-08T07:28:37","slug":"brocoli","status":"publish","type":"product","link":"https:\/\/www.therealgreenfood.com\/fr\/producto\/brocoli\/","title":{"rendered":"Brocoli"},"content":{"rendered":"<p>L\u00e9gume frais et de proximit\u00e9, \u00e9labor\u00e9 de mani\u00e8re naturelle, sans additifs, dans les 4 \u00e0 6 h suivant sa r\u00e9colte, pr\u00e9servant ainsi toute sa fra\u00eecheur, sa texture et sa saveur naturelle.<\/p>\n","protected":false},"excerpt":{"rendered":"<p>Brocoli cuit au naturel. Sans additifs. <\/p>\n","protected":false},"featured_media":11965,"comment_status":"closed","ping_status":"closed","template":"","meta":[],"product_brand":[],"product_cat":[910],"product_tag":[],"class_list":{"0":"post-11964","1":"product","2":"type-product","3":"status-publish","4":"has-post-thumbnail","6":"product_cat-legumes","8":"first","9":"instock","10":"shipping-taxable","11":"product-type-simple"},"_links":{"self":[{"href":"https:\/\/www.therealgreenfood.com\/fr\/wp-json\/wp\/v2\/product\/11964","targetHints":{"allow":["GET"]}}],"collection":[{"href":"https:\/\/www.therealgreenfood.com\/fr\/wp-json\/wp\/v2\/product"}],"about":[{"href":"https:\/\/www.therealgreenfood.com\/fr\/wp-json\/wp\/v2\/types\/product"}],"replies":[{"embeddable":true,"href":"https:\/\/www.therealgreenfood.com\/fr\/wp-json\/wp\/v2\/comments?post=11964"}],"wp:featuredmedia":[{"embeddable":true,"href":"https:\/\/www.therealgreenfood.com\/fr\/wp-json\/wp\/v2\/media\/11965"}],"wp:attachment":[{"href":"https:\/\/www.therealgreenfood.com\/fr\/wp-json\/wp\/v2\/media?parent=11964"}],"wp:term":[{"taxonomy":"product_brand","embeddable":true,"href":"https:\/\/www.therealgreenfood.com\/fr\/wp-json\/wp\/v2\/product_brand?post=11964"},{"taxonomy":"product_cat","embeddable":true,"href":"https:\/\/www.therealgreenfood.com\/fr\/wp-json\/wp\/v2\/product_cat?post=11964"},{"taxonomy":"product_tag","embeddable":true,"href":"https:\/\/www.therealgreenfood.com\/fr\/wp-json\/wp\/v2\/product_tag?post=11964"}],"curies":[{"name":"wp","href":"https:\/\/api.w.org\/{rel}","templated":true}]}}